{"id":2362,"date":"2024-01-13T20:59:59","date_gmt":"2024-01-13T20:59:59","guid":{"rendered":"https:\/\/vigilant-hermann.194-60-87-163.plesk.page\/?page_id=2362"},"modified":"2024-01-14T10:00:17","modified_gmt":"2024-01-14T10:00:17","slug":"accommodation","status":"publish","type":"page","link":"https:\/\/apartments-kendel.com\/de\/accommodation\/","title":{"rendered":"Unterkunft"},"content":{"rendered":"<div\n\t\t\t\tid=\"block-9bdd28-766f-40\"\n\t\t\t\tclass=\"wp-block-gutenbee-post-types block-9bdd28-766f-40\"\n\t\t\t\t\t\t\t><div class=\"row row-items row-columns-3\">\t\t\t\t<div class=\"col-md-4 col-12\">\n<div id=\"entry-item-2538\" class=\"entry-item post-2538 ignition-accommodati type-ignition-accommodati status-publish has-post-thumbnail hentry\">\n\t\t\t<figure class=\"entry-item-thumb\">\n\t\t\t<a href=\"https:\/\/apartments-kendel.com\/de\/accommodation\/one-bedroom-apartment-3-adults\/\">\n\t\t\t\t<img loading=\"lazy\" decoding=\"async\" width=\"510\" height=\"510\" src=\"https:\/\/apartments-kendel.com\/wp-content\/uploads\/2024\/01\/268671850-1-510x510.jpg\" class=\"attachment-ignition_article_media size-ignition_article_media wp-post-image\" alt=\"\" srcset=\"https:\/\/apartments-kendel.com\/wp-content\/uploads\/2024\/01\/268671850-1-510x510.jpg 510w, https:\/\/apartments-kendel.com\/wp-content\/uploads\/2024\/01\/268671850-1-150x150.jpg 150w, https:\/\/apartments-kendel.com\/wp-content\/uploads\/2024\/01\/268671850-1-160x160.jpg 160w\" sizes=\"auto, (max-width: 510px) 100vw, 510px\" \/>\t\t\t<\/a>\n\t\t<\/figure>\n\t\n\t<div class=\"entry-item-content\">\n\t\t<h2 class=\"entry-item-title\"><a href=\"https:\/\/apartments-kendel.com\/de\/accommodation\/one-bedroom-apartment-3-adults\/\">Apartment mit 1 Schlafzimmer (3 Erwachsene)<\/a><\/h2>\n\t\t\t\t\t<div class=\"entry-item-excerpt\">\n\t\t\t\t<p>Apartment mit einem Sitzbereich, Sat-TV und eine K\u00fcchenzeile mit grundlegenden K\u00fcchenutensilien und einen Essbereich. Der Balkon bietet Blick auf den Garten, w\u00e4hrend das private Badezimmer bietet eine Dusche.<\/p>\n\t\t\t<\/div>\n\t\t\n\t\t<a href=\"https:\/\/apartments-kendel.com\/de\/accommodation\/one-bedroom-apartment-3-adults\/\" class=\"btn btn-entry-more\">\n\t\t\tLearn More\t\t<\/a>\n\t<\/div>\n<\/div>\n<\/div>\t\t\t\t<div class=\"col-md-4 col-12\">\n<div id=\"entry-item-2467\" class=\"entry-item post-2467 ignition-accommodati type-ignition-accommodati status-publish has-post-thumbnail hentry\">\n\t\t\t<figure class=\"entry-item-thumb\">\n\t\t\t<a href=\"https:\/\/apartments-kendel.com\/de\/accommodation\/two-bedroom-apartment\/\">\n\t\t\t\t<img loading=\"lazy\" decoding=\"async\" width=\"510\" height=\"510\" src=\"https:\/\/apartments-kendel.com\/wp-content\/uploads\/2024\/01\/268668988-3-510x510.jpg\" class=\"attachment-ignition_article_media size-ignition_article_media wp-post-image\" alt=\"\" srcset=\"https:\/\/apartments-kendel.com\/wp-content\/uploads\/2024\/01\/268668988-3-510x510.jpg 510w, https:\/\/apartments-kendel.com\/wp-content\/uploads\/2024\/01\/268668988-3-150x150.jpg 150w, https:\/\/apartments-kendel.com\/wp-content\/uploads\/2024\/01\/268668988-3-160x160.jpg 160w\" sizes=\"auto, (max-width: 510px) 100vw, 510px\" \/>\t\t\t<\/a>\n\t\t<\/figure>\n\t\n\t<div class=\"entry-item-content\">\n\t\t<h2 class=\"entry-item-title\"><a href=\"https:\/\/apartments-kendel.com\/de\/accommodation\/two-bedroom-apartment\/\">Zwei-Zimmer-Wohnung<\/a><\/h2>\n\t\t\t\t\t<div class=\"entry-item-excerpt\">\n\t\t\t\t<p>Apartment mit einem Sitzbereich, Sat-TV und eine K\u00fcchenzeile mit grundlegenden K\u00fcchenutensilien und einen Essbereich. Der Balkon bietet Blick auf den Garten, w\u00e4hrend das private Badezimmer bietet eine Dusche.<\/p>\n\t\t\t<\/div>\n\t\t\n\t\t<a href=\"https:\/\/apartments-kendel.com\/de\/accommodation\/two-bedroom-apartment\/\" class=\"btn btn-entry-more\">\n\t\t\tLearn More\t\t<\/a>\n\t<\/div>\n<\/div>\n<\/div>\t\t\t\t<div class=\"col-md-4 col-12\">\n<div id=\"entry-item-2370\" class=\"entry-item post-2370 ignition-accommodati type-ignition-accommodati status-publish has-post-thumbnail hentry\">\n\t\t\t<figure class=\"entry-item-thumb\">\n\t\t\t<a href=\"https:\/\/apartments-kendel.com\/de\/accommodation\/one-bedroom-apartment-4-adults\/\">\n\t\t\t\t<img loading=\"lazy\" decoding=\"async\" width=\"510\" height=\"510\" src=\"https:\/\/apartments-kendel.com\/wp-content\/uploads\/2024\/01\/268667093-510x510.jpg\" class=\"attachment-ignition_article_media size-ignition_article_media wp-post-image\" alt=\"\" srcset=\"https:\/\/apartments-kendel.com\/wp-content\/uploads\/2024\/01\/268667093-510x510.jpg 510w, https:\/\/apartments-kendel.com\/wp-content\/uploads\/2024\/01\/268667093-150x150.jpg 150w, https:\/\/apartments-kendel.com\/wp-content\/uploads\/2024\/01\/268667093-160x160.jpg 160w\" sizes=\"auto, (max-width: 510px) 100vw, 510px\" \/>\t\t\t<\/a>\n\t\t<\/figure>\n\t\n\t<div class=\"entry-item-content\">\n\t\t<h2 class=\"entry-item-title\"><a href=\"https:\/\/apartments-kendel.com\/de\/accommodation\/one-bedroom-apartment-4-adults\/\">Apartment mit 1 Schlafzimmer (4 Erwachsene)<\/a><\/h2>\n\t\t\t\t\t<div class=\"entry-item-excerpt\">\n\t\t\t\t<p>Apartment mit einem Sitzbereich, Sat-TV und eine K\u00fcchenzeile mit grundlegenden K\u00fcchenutensilien und einen Essbereich. Der Balkon bietet Blick auf den Garten, w\u00e4hrend das private Badezimmer bietet eine Dusche.<\/p>\n\t\t\t<\/div>\n\t\t\n\t\t<a href=\"https:\/\/apartments-kendel.com\/de\/accommodation\/one-bedroom-apartment-4-adults\/\" class=\"btn btn-entry-more\">\n\t\t\tLearn More\t\t<\/a>\n\t<\/div>\n<\/div>\n<\/div><\/div><\/div>","protected":false},"excerpt":{"rendered":"","protected":false},"author":4,"featured_media":0,"parent":0,"menu_order":0,"comment_status":"closed","ping_status":"closed","template":"","meta":{"footnotes":""},"class_list":["post-2362","page","type-page","status-publish","hentry"],"yoast_head":"<!-- This site is optimized with the Yoast SEO plugin v27.5 - https:\/\/yoast.com\/product\/yoast-seo-wordpress\/ -->\n<title>Accommodation - Apartments Ken\u0111el<\/title>\n<meta name=\"robots\" content=\"index, follow, max-snippet:-1, max-image-preview:large, max-video-preview:-1\" \/>\n<link rel=\"canonical\" href=\"https:\/\/apartments-kendel.com\/de\/accommodation\/\" \/>\n<meta property=\"og:locale\" content=\"de_DE\" \/>\n<meta property=\"og:type\" content=\"article\" \/>\n<meta property=\"og:title\" content=\"Accommodation - Apartments Ken\u0111el\" \/>\n<meta property=\"og:url\" content=\"https:\/\/apartments-kendel.com\/de\/accommodation\/\" \/>\n<meta property=\"og:site_name\" content=\"Apartments Ken\u0111el\" \/>\n<meta property=\"article:publisher\" content=\"https:\/\/www.facebook.com\/Vila-Ruinac-Katela-109014171806823\" \/>\n<meta property=\"article:modified_time\" content=\"2024-01-14T10:00:17+00:00\" \/>\n<meta name=\"twitter:card\" content=\"summary_large_image\" \/>\n<script type=\"application\/ld+json\" class=\"yoast-schema-graph\">{\"@context\":\"https:\\\/\\\/schema.org\",\"@graph\":[{\"@type\":\"WebPage\",\"@id\":\"https:\\\/\\\/apartments-kendel.com\\\/accommodation\\\/\",\"url\":\"https:\\\/\\\/apartments-kendel.com\\\/accommodation\\\/\",\"name\":\"Accommodation - Apartments Ken\u0111el\",\"isPartOf\":{\"@id\":\"https:\\\/\\\/apartments-kendel.com\\\/#website\"},\"datePublished\":\"2024-01-13T20:59:59+00:00\",\"dateModified\":\"2024-01-14T10:00:17+00:00\",\"breadcrumb\":{\"@id\":\"https:\\\/\\\/apartments-kendel.com\\\/accommodation\\\/#breadcrumb\"},\"inLanguage\":\"de\",\"potentialAction\":[{\"@type\":\"ReadAction\",\"target\":[\"https:\\\/\\\/apartments-kendel.com\\\/accommodation\\\/\"]}]},{\"@type\":\"BreadcrumbList\",\"@id\":\"https:\\\/\\\/apartments-kendel.com\\\/accommodation\\\/#breadcrumb\",\"itemListElement\":[{\"@type\":\"ListItem\",\"position\":1,\"name\":\"Home\",\"item\":\"https:\\\/\\\/apartments-kendel.com\\\/\"},{\"@type\":\"ListItem\",\"position\":2,\"name\":\"Accommodation\"}]},{\"@type\":\"WebSite\",\"@id\":\"https:\\\/\\\/apartments-kendel.com\\\/#website\",\"url\":\"https:\\\/\\\/apartments-kendel.com\\\/\",\"name\":\"Apartments Ken\u0111el\",\"description\":\"Apartments with pool in a quiet area of Valbandon\",\"publisher\":{\"@id\":\"https:\\\/\\\/apartments-kendel.com\\\/#\\\/schema\\\/person\\\/2c34123464a291746b4865f1161c11fb\"},\"potentialAction\":[{\"@type\":\"SearchAction\",\"target\":{\"@type\":\"EntryPoint\",\"urlTemplate\":\"https:\\\/\\\/apartments-kendel.com\\\/?s={search_term_string}\"},\"query-input\":{\"@type\":\"PropertyValueSpecification\",\"valueRequired\":true,\"valueName\":\"search_term_string\"}}],\"inLanguage\":\"de\"},{\"@type\":[\"Person\",\"Organization\"],\"@id\":\"https:\\\/\\\/apartments-kendel.com\\\/#\\\/schema\\\/person\\\/2c34123464a291746b4865f1161c11fb\",\"name\":\"admin\",\"image\":{\"@type\":\"ImageObject\",\"inLanguage\":\"de\",\"@id\":\"https:\\\/\\\/apartments-kendel.com\\\/wp-content\\\/uploads\\\/2024\\\/01\\\/cropped-apartments-kendel-high-resolution-logo-transparent2.png\",\"url\":\"https:\\\/\\\/apartments-kendel.com\\\/wp-content\\\/uploads\\\/2024\\\/01\\\/cropped-apartments-kendel-high-resolution-logo-transparent2.png\",\"contentUrl\":\"https:\\\/\\\/apartments-kendel.com\\\/wp-content\\\/uploads\\\/2024\\\/01\\\/cropped-apartments-kendel-high-resolution-logo-transparent2.png\",\"width\":2000,\"height\":428,\"caption\":\"admin\"},\"logo\":{\"@id\":\"https:\\\/\\\/apartments-kendel.com\\\/wp-content\\\/uploads\\\/2024\\\/01\\\/cropped-apartments-kendel-high-resolution-logo-transparent2.png\"},\"sameAs\":[\"https:\\\/\\\/apartments-kendel.com\",\"https:\\\/\\\/www.facebook.com\\\/Vila-Ruinac-Katela-109014171806823\"]}]}<\/script>\n<!-- \/ Yoast SEO plugin. -->","yoast_head_json":{"title":"Accommodation - Apartments Ken\u0111el","robots":{"index":"index","follow":"follow","max-snippet":"max-snippet:-1","max-image-preview":"max-image-preview:large","max-video-preview":"max-video-preview:-1"},"canonical":"https:\/\/apartments-kendel.com\/de\/accommodation\/","og_locale":"de_DE","og_type":"article","og_title":"Accommodation - Apartments Ken\u0111el","og_url":"https:\/\/apartments-kendel.com\/de\/accommodation\/","og_site_name":"Apartments Ken\u0111el","article_publisher":"https:\/\/www.facebook.com\/Vila-Ruinac-Katela-109014171806823","article_modified_time":"2024-01-14T10:00:17+00:00","twitter_card":"summary_large_image","schema":{"@context":"https:\/\/schema.org","@graph":[{"@type":"WebPage","@id":"https:\/\/apartments-kendel.com\/accommodation\/","url":"https:\/\/apartments-kendel.com\/accommodation\/","name":"Accommodation - Apartments Ken\u0111el","isPartOf":{"@id":"https:\/\/apartments-kendel.com\/#website"},"datePublished":"2024-01-13T20:59:59+00:00","dateModified":"2024-01-14T10:00:17+00:00","breadcrumb":{"@id":"https:\/\/apartments-kendel.com\/accommodation\/#breadcrumb"},"inLanguage":"de","potentialAction":[{"@type":"ReadAction","target":["https:\/\/apartments-kendel.com\/accommodation\/"]}]},{"@type":"BreadcrumbList","@id":"https:\/\/apartments-kendel.com\/accommodation\/#breadcrumb","itemListElement":[{"@type":"ListItem","position":1,"name":"Home","item":"https:\/\/apartments-kendel.com\/"},{"@type":"ListItem","position":2,"name":"Accommodation"}]},{"@type":"WebSite","@id":"https:\/\/apartments-kendel.com\/#website","url":"https:\/\/apartments-kendel.com\/","name":"Apartments Ken\u0111el","description":"Apartments with pool in a quiet area of Valbandon","publisher":{"@id":"https:\/\/apartments-kendel.com\/#\/schema\/person\/2c34123464a291746b4865f1161c11fb"},"potentialAction":[{"@type":"SearchAction","target":{"@type":"EntryPoint","urlTemplate":"https:\/\/apartments-kendel.com\/?s={search_term_string}"},"query-input":{"@type":"PropertyValueSpecification","valueRequired":true,"valueName":"search_term_string"}}],"inLanguage":"de"},{"@type":["Person","Organization"],"@id":"https:\/\/apartments-kendel.com\/#\/schema\/person\/2c34123464a291746b4865f1161c11fb","name":"admin","image":{"@type":"ImageObject","inLanguage":"de","@id":"https:\/\/apartments-kendel.com\/wp-content\/uploads\/2024\/01\/cropped-apartments-kendel-high-resolution-logo-transparent2.png","url":"https:\/\/apartments-kendel.com\/wp-content\/uploads\/2024\/01\/cropped-apartments-kendel-high-resolution-logo-transparent2.png","contentUrl":"https:\/\/apartments-kendel.com\/wp-content\/uploads\/2024\/01\/cropped-apartments-kendel-high-resolution-logo-transparent2.png","width":2000,"height":428,"caption":"admin"},"logo":{"@id":"https:\/\/apartments-kendel.com\/wp-content\/uploads\/2024\/01\/cropped-apartments-kendel-high-resolution-logo-transparent2.png"},"sameAs":["https:\/\/apartments-kendel.com","https:\/\/www.facebook.com\/Vila-Ruinac-Katela-109014171806823"]}]}},"_links":{"self":[{"href":"https:\/\/apartments-kendel.com\/de\/wp-json\/wp\/v2\/pages\/2362","targetHints":{"allow":["GET"]}}],"collection":[{"href":"https:\/\/apartments-kendel.com\/de\/wp-json\/wp\/v2\/pages"}],"about":[{"href":"https:\/\/apartments-kendel.com\/de\/wp-json\/wp\/v2\/types\/page"}],"author":[{"embeddable":true,"href":"https:\/\/apartments-kendel.com\/de\/wp-json\/wp\/v2\/users\/4"}],"replies":[{"embeddable":true,"href":"https:\/\/apartments-kendel.com\/de\/wp-json\/wp\/v2\/comments?post=2362"}],"version-history":[{"count":0,"href":"https:\/\/apartments-kendel.com\/de\/wp-json\/wp\/v2\/pages\/2362\/revisions"}],"wp:attachment":[{"href":"https:\/\/apartments-kendel.com\/de\/wp-json\/wp\/v2\/media?parent=2362"}],"curies":[{"name":"wp","href":"https:\/\/api.w.org\/{rel}","templated":true}]}}