{"id":2670,"date":"2024-01-17T10:54:08","date_gmt":"2024-01-17T10:54:08","guid":{"rendered":"https:\/\/vigilant-hermann.194-60-87-163.plesk.page\/?page_id=2670"},"modified":"2024-01-17T12:46:40","modified_gmt":"2024-01-17T12:46:40","slug":"about-us","status":"publish","type":"page","link":"https:\/\/apartments-kendel.com\/de\/about-us\/","title":{"rendered":"\u00dcber uns"},"content":{"rendered":"<div class=\"wp-block-columns is-layout-flex wp-container-core-columns-is-layout-9d6595d7 wp-block-columns-is-layout-flex\">\n<div class=\"wp-block-column is-layout-flow wp-block-column-is-layout-flow\">\n<p>Die Ken\u0111el Familie wurde die Anmietung von Wohnungen f\u00fcr 20 Jahre. Familie Haus mit drei Wohnungen.<\/p>\n\n\n\n<p class=\"has-text-align-left\">Es befindet sich in einer ruhigen Lage in Valbandon. Einrichtungen wie restaurants mit lokalen Speisen und autochthone Weine, Str\u00e4nde und Superm\u00e4rkte sind in unmittelbarer N\u00e4he unserer Unterkunft. <br><br>Als Teil der Unterkunft gibt es einen Parkplatz, einen pool, einen Pavillon mit einer Sitzecke, einem Grillplatz und einem Garten, in dem lokale Gem\u00fcsesorten angebaut, Gem\u00fcse zur Verf\u00fcgung. <br><\/p>\n\n\n\n<p class=\"has-text-align-left\">Wir werden erh\u00e4ltlich alle die Zeit f\u00fcr alle Fragen und Bed\u00fcrfnisse Ihres Aufenthalts. Das kleine Fischerdorf Fa\u017eana ist 2 km entfernt, erreichbar \u00fcber eine gepflegte promenade am Meer. <\/p>\n\n\n\n<p class=\"has-text-align-left\">Unsere Unterkunft ist ideal f\u00fcr Familien mit Kindern aufgrund seiner N\u00e4he zum Meer, Kiesstr\u00e4nde und einen Swimmingpool zur Verf\u00fcgung. Wir arbeiten st\u00e4ndig daran, sicherzustellen, dass unsere G\u00e4ste sich wie zu Hause f\u00fchlen. Wir freuen uns auf Ihre Ankunft und hoffen, dass Sie genie\u00dfen Ihre Ferien verbringen Sie in einer guten Atmosph\u00e4re und die Erwartungen erf\u00fcllt.<\/p>\n<\/div>\n\n\n\n<div class=\"wp-block-column is-layout-flow wp-block-column-is-layout-flow\">\n<figure class=\"wp-block-image size-full\"><img loading=\"lazy\" decoding=\"async\" width=\"717\" height=\"960\" src=\"https:\/\/apartments-kendel.com\/wp-content\/uploads\/2024\/01\/IMG_1310-1.jpg\" alt=\"\" class=\"wp-image-2691\" srcset=\"https:\/\/apartments-kendel.com\/wp-content\/uploads\/2024\/01\/IMG_1310-1.jpg 717w, https:\/\/apartments-kendel.com\/wp-content\/uploads\/2024\/01\/IMG_1310-1-224x300.jpg 224w\" sizes=\"auto, (max-width: 717px) 100vw, 717px\" \/><\/figure>\n<\/div>\n<\/div>\n\n\n\n<p><\/p>","protected":false},"excerpt":{"rendered":"<p>The Ken\u0111el family has been renting apartments for 20 years. Family house with three apartments. It is located in a quiet location in Valbandon. Facilities [&hellip;]<\/p>\n","protected":false},"author":2,"featured_media":0,"parent":0,"menu_order":0,"comment_status":"closed","ping_status":"closed","template":"","meta":{"footnotes":""},"class_list":["post-2670","page","type-page","status-publish","hentry"],"yoast_head":"<!-- This site is optimized with the Yoast SEO plugin v27.5 - https:\/\/yoast.com\/product\/yoast-seo-wordpress\/ -->\n<title>About us - Apartments Ken\u0111el<\/title>\n<meta name=\"robots\" content=\"index, follow, max-snippet:-1, max-image-preview:large, max-video-preview:-1\" \/>\n<link rel=\"canonical\" href=\"https:\/\/apartments-kendel.com\/de\/about-us\/\" \/>\n<meta property=\"og:locale\" content=\"de_DE\" \/>\n<meta property=\"og:type\" content=\"article\" \/>\n<meta property=\"og:title\" content=\"About us - Apartments Ken\u0111el\" \/>\n<meta property=\"og:description\" content=\"The Ken\u0111el family has been renting apartments for 20 years. Family house with three apartments. It is located in a quiet location in Valbandon. Facilities [&hellip;]\" \/>\n<meta property=\"og:url\" content=\"https:\/\/apartments-kendel.com\/de\/about-us\/\" \/>\n<meta property=\"og:site_name\" content=\"Apartments Ken\u0111el\" \/>\n<meta property=\"article:publisher\" content=\"https:\/\/www.facebook.com\/Vila-Ruinac-Katela-109014171806823\" \/>\n<meta property=\"article:modified_time\" content=\"2024-01-17T12:46:40+00:00\" \/>\n<meta property=\"og:image\" content=\"https:\/\/apartments-kendel.com\/wp-content\/uploads\/2024\/01\/IMG_1310-1.jpg\" \/>\n<meta name=\"twitter:card\" content=\"summary_large_image\" \/>\n<meta name=\"twitter:label1\" content=\"Gesch\u00e4tzte Lesezeit\" \/>\n\t<meta name=\"twitter:data1\" content=\"1\u00a0Minute\" \/>\n<script type=\"application\/ld+json\" class=\"yoast-schema-graph\">{\"@context\":\"https:\\\/\\\/schema.org\",\"@graph\":[{\"@type\":\"WebPage\",\"@id\":\"https:\\\/\\\/apartments-kendel.com\\\/about-us\\\/\",\"url\":\"https:\\\/\\\/apartments-kendel.com\\\/about-us\\\/\",\"name\":\"About us - Apartments Ken\u0111el\",\"isPartOf\":{\"@id\":\"https:\\\/\\\/apartments-kendel.com\\\/#website\"},\"primaryImageOfPage\":{\"@id\":\"https:\\\/\\\/apartments-kendel.com\\\/about-us\\\/#primaryimage\"},\"image\":{\"@id\":\"https:\\\/\\\/apartments-kendel.com\\\/about-us\\\/#primaryimage\"},\"thumbnailUrl\":\"https:\\\/\\\/apartments-kendel.com\\\/wp-content\\\/uploads\\\/2024\\\/01\\\/IMG_1310-1.jpg\",\"datePublished\":\"2024-01-17T10:54:08+00:00\",\"dateModified\":\"2024-01-17T12:46:40+00:00\",\"breadcrumb\":{\"@id\":\"https:\\\/\\\/apartments-kendel.com\\\/about-us\\\/#breadcrumb\"},\"inLanguage\":\"de\",\"potentialAction\":[{\"@type\":\"ReadAction\",\"target\":[\"https:\\\/\\\/apartments-kendel.com\\\/about-us\\\/\"]}]},{\"@type\":\"ImageObject\",\"inLanguage\":\"de\",\"@id\":\"https:\\\/\\\/apartments-kendel.com\\\/about-us\\\/#primaryimage\",\"url\":\"https:\\\/\\\/apartments-kendel.com\\\/wp-content\\\/uploads\\\/2024\\\/01\\\/IMG_1310-1.jpg\",\"contentUrl\":\"https:\\\/\\\/apartments-kendel.com\\\/wp-content\\\/uploads\\\/2024\\\/01\\\/IMG_1310-1.jpg\"},{\"@type\":\"BreadcrumbList\",\"@id\":\"https:\\\/\\\/apartments-kendel.com\\\/about-us\\\/#breadcrumb\",\"itemListElement\":[{\"@type\":\"ListItem\",\"position\":1,\"name\":\"Home\",\"item\":\"https:\\\/\\\/apartments-kendel.com\\\/\"},{\"@type\":\"ListItem\",\"position\":2,\"name\":\"About us\"}]},{\"@type\":\"WebSite\",\"@id\":\"https:\\\/\\\/apartments-kendel.com\\\/#website\",\"url\":\"https:\\\/\\\/apartments-kendel.com\\\/\",\"name\":\"Apartments Ken\u0111el\",\"description\":\"Apartments with pool in a quiet area of Valbandon\",\"publisher\":{\"@id\":\"https:\\\/\\\/apartments-kendel.com\\\/#\\\/schema\\\/person\\\/2c34123464a291746b4865f1161c11fb\"},\"potentialAction\":[{\"@type\":\"SearchAction\",\"target\":{\"@type\":\"EntryPoint\",\"urlTemplate\":\"https:\\\/\\\/apartments-kendel.com\\\/?s={search_term_string}\"},\"query-input\":{\"@type\":\"PropertyValueSpecification\",\"valueRequired\":true,\"valueName\":\"search_term_string\"}}],\"inLanguage\":\"de\"},{\"@type\":[\"Person\",\"Organization\"],\"@id\":\"https:\\\/\\\/apartments-kendel.com\\\/#\\\/schema\\\/person\\\/2c34123464a291746b4865f1161c11fb\",\"name\":\"admin\",\"image\":{\"@type\":\"ImageObject\",\"inLanguage\":\"de\",\"@id\":\"https:\\\/\\\/apartments-kendel.com\\\/wp-content\\\/uploads\\\/2024\\\/01\\\/cropped-apartments-kendel-high-resolution-logo-transparent2.png\",\"url\":\"https:\\\/\\\/apartments-kendel.com\\\/wp-content\\\/uploads\\\/2024\\\/01\\\/cropped-apartments-kendel-high-resolution-logo-transparent2.png\",\"contentUrl\":\"https:\\\/\\\/apartments-kendel.com\\\/wp-content\\\/uploads\\\/2024\\\/01\\\/cropped-apartments-kendel-high-resolution-logo-transparent2.png\",\"width\":2000,\"height\":428,\"caption\":\"admin\"},\"logo\":{\"@id\":\"https:\\\/\\\/apartments-kendel.com\\\/wp-content\\\/uploads\\\/2024\\\/01\\\/cropped-apartments-kendel-high-resolution-logo-transparent2.png\"},\"sameAs\":[\"https:\\\/\\\/apartments-kendel.com\",\"https:\\\/\\\/www.facebook.com\\\/Vila-Ruinac-Katela-109014171806823\"]}]}<\/script>\n<!-- \/ Yoast SEO plugin. -->","yoast_head_json":{"title":"About us - Apartments Ken\u0111el","robots":{"index":"index","follow":"follow","max-snippet":"max-snippet:-1","max-image-preview":"max-image-preview:large","max-video-preview":"max-video-preview:-1"},"canonical":"https:\/\/apartments-kendel.com\/de\/about-us\/","og_locale":"de_DE","og_type":"article","og_title":"About us - Apartments Ken\u0111el","og_description":"The Ken\u0111el family has been renting apartments for 20 years. Family house with three apartments. It is located in a quiet location in Valbandon. Facilities [&hellip;]","og_url":"https:\/\/apartments-kendel.com\/de\/about-us\/","og_site_name":"Apartments Ken\u0111el","article_publisher":"https:\/\/www.facebook.com\/Vila-Ruinac-Katela-109014171806823","article_modified_time":"2024-01-17T12:46:40+00:00","og_image":[{"url":"https:\/\/apartments-kendel.com\/wp-content\/uploads\/2024\/01\/IMG_1310-1.jpg","type":"","width":"","height":""}],"twitter_card":"summary_large_image","twitter_misc":{"Gesch\u00e4tzte Lesezeit":"1\u00a0Minute"},"schema":{"@context":"https:\/\/schema.org","@graph":[{"@type":"WebPage","@id":"https:\/\/apartments-kendel.com\/about-us\/","url":"https:\/\/apartments-kendel.com\/about-us\/","name":"About us - Apartments Ken\u0111el","isPartOf":{"@id":"https:\/\/apartments-kendel.com\/#website"},"primaryImageOfPage":{"@id":"https:\/\/apartments-kendel.com\/about-us\/#primaryimage"},"image":{"@id":"https:\/\/apartments-kendel.com\/about-us\/#primaryimage"},"thumbnailUrl":"https:\/\/apartments-kendel.com\/wp-content\/uploads\/2024\/01\/IMG_1310-1.jpg","datePublished":"2024-01-17T10:54:08+00:00","dateModified":"2024-01-17T12:46:40+00:00","breadcrumb":{"@id":"https:\/\/apartments-kendel.com\/about-us\/#breadcrumb"},"inLanguage":"de","potentialAction":[{"@type":"ReadAction","target":["https:\/\/apartments-kendel.com\/about-us\/"]}]},{"@type":"ImageObject","inLanguage":"de","@id":"https:\/\/apartments-kendel.com\/about-us\/#primaryimage","url":"https:\/\/apartments-kendel.com\/wp-content\/uploads\/2024\/01\/IMG_1310-1.jpg","contentUrl":"https:\/\/apartments-kendel.com\/wp-content\/uploads\/2024\/01\/IMG_1310-1.jpg"},{"@type":"BreadcrumbList","@id":"https:\/\/apartments-kendel.com\/about-us\/#breadcrumb","itemListElement":[{"@type":"ListItem","position":1,"name":"Home","item":"https:\/\/apartments-kendel.com\/"},{"@type":"ListItem","position":2,"name":"About us"}]},{"@type":"WebSite","@id":"https:\/\/apartments-kendel.com\/#website","url":"https:\/\/apartments-kendel.com\/","name":"Apartments Ken\u0111el","description":"Apartments with pool in a quiet area of Valbandon","publisher":{"@id":"https:\/\/apartments-kendel.com\/#\/schema\/person\/2c34123464a291746b4865f1161c11fb"},"potentialAction":[{"@type":"SearchAction","target":{"@type":"EntryPoint","urlTemplate":"https:\/\/apartments-kendel.com\/?s={search_term_string}"},"query-input":{"@type":"PropertyValueSpecification","valueRequired":true,"valueName":"search_term_string"}}],"inLanguage":"de"},{"@type":["Person","Organization"],"@id":"https:\/\/apartments-kendel.com\/#\/schema\/person\/2c34123464a291746b4865f1161c11fb","name":"admin","image":{"@type":"ImageObject","inLanguage":"de","@id":"https:\/\/apartments-kendel.com\/wp-content\/uploads\/2024\/01\/cropped-apartments-kendel-high-resolution-logo-transparent2.png","url":"https:\/\/apartments-kendel.com\/wp-content\/uploads\/2024\/01\/cropped-apartments-kendel-high-resolution-logo-transparent2.png","contentUrl":"https:\/\/apartments-kendel.com\/wp-content\/uploads\/2024\/01\/cropped-apartments-kendel-high-resolution-logo-transparent2.png","width":2000,"height":428,"caption":"admin"},"logo":{"@id":"https:\/\/apartments-kendel.com\/wp-content\/uploads\/2024\/01\/cropped-apartments-kendel-high-resolution-logo-transparent2.png"},"sameAs":["https:\/\/apartments-kendel.com","https:\/\/www.facebook.com\/Vila-Ruinac-Katela-109014171806823"]}]}},"_links":{"self":[{"href":"https:\/\/apartments-kendel.com\/de\/wp-json\/wp\/v2\/pages\/2670","targetHints":{"allow":["GET"]}}],"collection":[{"href":"https:\/\/apartments-kendel.com\/de\/wp-json\/wp\/v2\/pages"}],"about":[{"href":"https:\/\/apartments-kendel.com\/de\/wp-json\/wp\/v2\/types\/page"}],"author":[{"embeddable":true,"href":"https:\/\/apartments-kendel.com\/de\/wp-json\/wp\/v2\/users\/2"}],"replies":[{"embeddable":true,"href":"https:\/\/apartments-kendel.com\/de\/wp-json\/wp\/v2\/comments?post=2670"}],"version-history":[{"count":0,"href":"https:\/\/apartments-kendel.com\/de\/wp-json\/wp\/v2\/pages\/2670\/revisions"}],"wp:attachment":[{"href":"https:\/\/apartments-kendel.com\/de\/wp-json\/wp\/v2\/media?parent=2670"}],"curies":[{"name":"wp","href":"https:\/\/api.w.org\/{rel}","templated":true}]}}