{"id":3,"date":"2022-03-06T14:51:57","date_gmt":"2022-03-06T14:51:57","guid":{"rendered":"https:\/\/aparthotel-gimi.com\/?page_id=3"},"modified":"2024-01-05T09:21:09","modified_gmt":"2024-01-05T09:21:09","slug":"privacy-policy","status":"publish","type":"page","link":"https:\/\/apartments-kendel.com\/hr\/privacy-policy\/","title":{"rendered":"Politika privatnosti"},"content":{"rendered":"<h2 class=\"wp-block-heading\">Tko smo mi<\/h2>\n\n\n\n<p><strong class=\"privacy-policy-tutorial\"> <\/strong>Adresa na\u0161e web stranice je: https:\/\/apartments-kendel.com.<\/p>\n\n\n\n<h2 class=\"wp-block-heading\">Komentari<\/h2>\n\n\n\n<p>Kada posjetitelji ostavljaju komentare na web stranicu, mi prikupljamo podatke navedene u obrascu za komentare, kao i IP-adresa i traku za korisni\u010dkog agenta preglednika za pomo\u0107 u otkrivanju spam poruka.<\/p>\n\n\n\n<p>Anonimizirani niz kreiran iz va\u0161e adrese e-po\u0161te (tako\u0111er nazvan hash) mo\u017ee se dostaviti usluzi Gravatar da vidi koristite li je. Politika privatnosti usluge Gravatar dostupna je ovdje: https:\/\/automattic.com\/privacy\/. Nakon odobrenja va\u0161eg komentara, va\u0161a profilna slika je vidljiva javnosti u kontekstu va\u0161eg komentara.<\/p>\n\n\n\n<h2 class=\"wp-block-heading\">Medijske datoteke<\/h2>\n\n\n\n<p>Ako mo\u017eete uploadati slike na web-mjesto ne biste trebali preuzimati slike s integriranim podacima o lokaciji (EXIF GPS). Posjetitelji web stranice mogu preuzeti i iskoristiti za bilo kakve podatke o lokaciji u slike na web-stranicama.<\/p>\n\n\n\n<h2 class=\"wp-block-heading\">Kola\u010di\u0107i<\/h2>\n\n\n\n<p><strong class=\"privacy-policy-tutorial\"> <\/strong>Ako ostavite komentar na na\u0161oj web stranici, mo\u017eete pristati na o\u010duvanje svog imena, adrese e-po\u0161te i web-stranice u kola\u010di\u0107ima. Oni su dizajnirani za va\u0161e udobnosti, tako da ne morate ponovno puniti svoje podatke, kada \u0107e vas ostaviti jo\u0161 jedan komentar. Rok valjanosti tih kola\u010di\u0107a je vi\u0161e od godinu dana.<\/p>\n\n\n\n<p>Ako posjetite na\u0161u stranicu za prijavu, mi \u0107emo se postaviti privremeni kola\u010di\u0107, kako bi se utvrdilo, prima li va\u0161 preglednik kola\u010di\u0107e. Ovaj kola\u010di\u0107 ne sadr\u017ei osobne podatke, a bri\u0161e se, kada zatvori svoj preglednik.<\/p>\n\n\n\n<p>Kada se prijavite, mi \u0107emo tako\u0111er postaviti nekoliko kola\u010di\u0107a za spremili va\u0161e podatke za prijavu i va\u0161e postavke prikaza zaslona. Kola\u010di\u0107i za prijavu spremaju se u roku od dva dana, a kola\u010di\u0107e za postavke zaslona - u roku od godinu dana. Ako izaberete opciju &#034;Zapamti me&#034;, va\u0161e ime \u0107e se vratiti u roku od dva tjedna. Ako iza\u0111ete iz svog ra\u010duna, kola\u010di\u0107e za prijavu bit \u0107e izbrisani.<\/p>\n\n\n\n<p>Ako ure\u0111ujete ili objavite \u010dlanak u va\u0161em pregledniku \u0107e biti spremljena dodatni kola\u010di\u0107. Ovaj kola\u010di\u0107 ne sadr\u017ei osobne podatke i jednostavno ukazuje id objave \u010dlanak koji ste upravo uredio. Rok valjanosti istje\u010de kroz 1 dan.<\/p>\n\n\n\n<h2 class=\"wp-block-heading\">Ugra\u0111eni sadr\u017eaj sa drugih web-mjesta<\/h2>\n\n\n\n<p><strong class=\"privacy-policy-tutorial\"> <\/strong>\u010clanak na ovoj stranici mogu uklju\u010divati ugra\u0111eni sadr\u017eaj (na primjer, video, slike, \u010dlanke itd.). Ugra\u0111eni sadr\u017eaj sa drugih web stranica se pona\u0161a ba\u0161 kao da posjetitelj posjetili drugu web stranicu.<\/p>\n\n\n\n<p>Ove web stranice mogu prikupiti podatke o vama, koristiti kola\u010di\u0107e, uvesti dodatni nezavisnog pra\u0107enje i pratiti va\u0161e interakcije s ovim ugra\u0111enim sadr\u017eajem, uklju\u010duju\u0107i pra\u0107enje va\u0161e interakcije sa ugra\u0111enim sadr\u017eajem, ako imate ra\u010dun i da ste prijavljeni na ovom web-mjestu.<\/p>\n\n\n\n<h2 class=\"wp-block-heading\">Kome proslje\u0111ujemo va\u0161e podatke<\/h2>\n\n\n\n<p>Ako zatra\u017eite ponovno postavljanje lozinke, va\u0161a IP adresa \u0107e biti naveden u poruci e-po\u0161te za ponovno postavljanje lozinke.<\/p>\n\n\n\n<h2 class=\"wp-block-heading\">Koliko dugo mi \u010duvamo va\u0161e podatke<\/h2>\n\n\n\n<p>Ako ste ostavite komentar, komentar i njegove metapodatke spremaju se na neodre\u0111eno vrijeme. To je u\u010dinjeno kako bi mogli automatski prepoznati i odobriti bilo kakve naknadne komentare, umjesto da ih dr\u017eite u redu za moderiranje.<\/p>\n\n\n\n<p>Za korisnike koji se registriraju na na\u0161em web-mjestu (ako ih ima), mi tako\u0111er prikupljamo osobne podatke koje oni pru\u017eaju u svom korisni\u010dkom profilu. Svi korisnici mogu pregledavati, mijenjati ili brisati osobne podatke u bilo koje vrijeme (osim toga da ne mogu promijeniti svoje korisni\u010dko ime). Administratori web-lokacije tako\u0111er mogu pregledavati i ure\u0111ivati ovu informaciju.<\/p>\n\n\n\n<h2 class=\"wp-block-heading\">Koja prava imate na va\u0161e podatke<\/h2>\n\n\n\n<p><strong class=\"privacy-policy-tutorial\"> <\/strong>Ako imate ra\u010dun na tom web-mjestu ili ste ostavili komentare, mo\u017eete zatra\u017eiti primanje izvezenu datoteku osobnih podataka koje mi \u010duvamo, uklju\u010duju\u0107i bilo kakve podatke koje ste nam dali. Tako\u0111er mo\u017eete zatra\u017eiti da smo izbrisali sve osobne informacije koje mi \u010duvamo. Ovo ne uklju\u010duje bilo kakve podatke, koje smo du\u017eni \u010duvati na administrativne, pravne svrhe ili u svrhu sigurnosti.<\/p>\n\n\n\n<h2 class=\"wp-block-heading\">Gdje da \u0161aljemo svoje podatke<\/h2>\n\n\n\n<p><strong class=\"privacy-policy-tutorial\"> <\/strong>Komentari posjetitelji mogu provjeriti pomo\u0107u automatskog sustava za detekciju spama.<\/p>","protected":false},"excerpt":{"rendered":"<p>Who we are Our website address is: https:\/\/apartments-kendel.com. Comments When visitors leave comments on the site we collect the data shown in the comments form, [&hellip;]<\/p>\n","protected":false},"author":1,"featured_media":0,"parent":0,"menu_order":0,"comment_status":"closed","ping_status":"closed","template":"","meta":{"footnotes":""},"class_list":["post-3","page","type-page","status-publish","hentry"],"yoast_head":"<!-- This site is optimized with the Yoast SEO plugin v27.5 - https:\/\/yoast.com\/product\/yoast-seo-wordpress\/ -->\n<title>Privacy Policy - Apartments Ken\u0111el<\/title>\n<meta name=\"robots\" content=\"index, follow, max-snippet:-1, max-image-preview:large, max-video-preview:-1\" \/>\n<link rel=\"canonical\" href=\"https:\/\/apartments-kendel.com\/hr\/privacy-policy\/\" \/>\n<meta property=\"og:locale\" content=\"hr_HR\" \/>\n<meta property=\"og:type\" content=\"article\" \/>\n<meta property=\"og:title\" content=\"Privacy Policy - Apartments Ken\u0111el\" \/>\n<meta property=\"og:description\" content=\"Who we are Our website address is: https:\/\/apartments-kendel.com. Comments When visitors leave comments on the site we collect the data shown in the comments form, [&hellip;]\" \/>\n<meta property=\"og:url\" content=\"https:\/\/apartments-kendel.com\/hr\/privacy-policy\/\" \/>\n<meta property=\"og:site_name\" content=\"Apartments Ken\u0111el\" \/>\n<meta property=\"article:publisher\" content=\"https:\/\/www.facebook.com\/Vila-Ruinac-Katela-109014171806823\" \/>\n<meta property=\"article:modified_time\" content=\"2024-01-05T09:21:09+00:00\" \/>\n<meta name=\"twitter:card\" content=\"summary_large_image\" \/>\n<meta name=\"twitter:label1\" content=\"Procijenjeno vrijeme \u010ditanja\" \/>\n\t<meta name=\"twitter:data1\" content=\"3 minute\" \/>\n<script type=\"application\/ld+json\" class=\"yoast-schema-graph\">{\"@context\":\"https:\\\/\\\/schema.org\",\"@graph\":[{\"@type\":\"WebPage\",\"@id\":\"https:\\\/\\\/apartments-kendel.com\\\/privacy-policy\\\/\",\"url\":\"https:\\\/\\\/apartments-kendel.com\\\/privacy-policy\\\/\",\"name\":\"Privacy Policy - Apartments Ken\u0111el\",\"isPartOf\":{\"@id\":\"https:\\\/\\\/apartments-kendel.com\\\/#website\"},\"datePublished\":\"2022-03-06T14:51:57+00:00\",\"dateModified\":\"2024-01-05T09:21:09+00:00\",\"breadcrumb\":{\"@id\":\"https:\\\/\\\/apartments-kendel.com\\\/privacy-policy\\\/#breadcrumb\"},\"inLanguage\":\"hr\",\"potentialAction\":[{\"@type\":\"ReadAction\",\"target\":[\"https:\\\/\\\/apartments-kendel.com\\\/privacy-policy\\\/\"]}]},{\"@type\":\"BreadcrumbList\",\"@id\":\"https:\\\/\\\/apartments-kendel.com\\\/privacy-policy\\\/#breadcrumb\",\"itemListElement\":[{\"@type\":\"ListItem\",\"position\":1,\"name\":\"Home\",\"item\":\"https:\\\/\\\/apartments-kendel.com\\\/\"},{\"@type\":\"ListItem\",\"position\":2,\"name\":\"Privacy Policy\"}]},{\"@type\":\"WebSite\",\"@id\":\"https:\\\/\\\/apartments-kendel.com\\\/#website\",\"url\":\"https:\\\/\\\/apartments-kendel.com\\\/\",\"name\":\"Apartments Ken\u0111el\",\"description\":\"Apartments with pool in a quiet area of Valbandon\",\"publisher\":{\"@id\":\"https:\\\/\\\/apartments-kendel.com\\\/#\\\/schema\\\/person\\\/2c34123464a291746b4865f1161c11fb\"},\"potentialAction\":[{\"@type\":\"SearchAction\",\"target\":{\"@type\":\"EntryPoint\",\"urlTemplate\":\"https:\\\/\\\/apartments-kendel.com\\\/?s={search_term_string}\"},\"query-input\":{\"@type\":\"PropertyValueSpecification\",\"valueRequired\":true,\"valueName\":\"search_term_string\"}}],\"inLanguage\":\"hr\"},{\"@type\":[\"Person\",\"Organization\"],\"@id\":\"https:\\\/\\\/apartments-kendel.com\\\/#\\\/schema\\\/person\\\/2c34123464a291746b4865f1161c11fb\",\"name\":\"admin\",\"image\":{\"@type\":\"ImageObject\",\"inLanguage\":\"hr\",\"@id\":\"https:\\\/\\\/apartments-kendel.com\\\/wp-content\\\/uploads\\\/2024\\\/01\\\/cropped-apartments-kendel-high-resolution-logo-transparent2.png\",\"url\":\"https:\\\/\\\/apartments-kendel.com\\\/wp-content\\\/uploads\\\/2024\\\/01\\\/cropped-apartments-kendel-high-resolution-logo-transparent2.png\",\"contentUrl\":\"https:\\\/\\\/apartments-kendel.com\\\/wp-content\\\/uploads\\\/2024\\\/01\\\/cropped-apartments-kendel-high-resolution-logo-transparent2.png\",\"width\":2000,\"height\":428,\"caption\":\"admin\"},\"logo\":{\"@id\":\"https:\\\/\\\/apartments-kendel.com\\\/wp-content\\\/uploads\\\/2024\\\/01\\\/cropped-apartments-kendel-high-resolution-logo-transparent2.png\"},\"sameAs\":[\"https:\\\/\\\/apartments-kendel.com\",\"https:\\\/\\\/www.facebook.com\\\/Vila-Ruinac-Katela-109014171806823\"]}]}<\/script>\n<!-- \/ Yoast SEO plugin. -->","yoast_head_json":{"title":"Privacy Policy - Apartments Ken\u0111el","robots":{"index":"index","follow":"follow","max-snippet":"max-snippet:-1","max-image-preview":"max-image-preview:large","max-video-preview":"max-video-preview:-1"},"canonical":"https:\/\/apartments-kendel.com\/hr\/privacy-policy\/","og_locale":"hr_HR","og_type":"article","og_title":"Privacy Policy - Apartments Ken\u0111el","og_description":"Who we are Our website address is: https:\/\/apartments-kendel.com. Comments When visitors leave comments on the site we collect the data shown in the comments form, [&hellip;]","og_url":"https:\/\/apartments-kendel.com\/hr\/privacy-policy\/","og_site_name":"Apartments Ken\u0111el","article_publisher":"https:\/\/www.facebook.com\/Vila-Ruinac-Katela-109014171806823","article_modified_time":"2024-01-05T09:21:09+00:00","twitter_card":"summary_large_image","twitter_misc":{"Procijenjeno vrijeme \u010ditanja":"3 minute"},"schema":{"@context":"https:\/\/schema.org","@graph":[{"@type":"WebPage","@id":"https:\/\/apartments-kendel.com\/privacy-policy\/","url":"https:\/\/apartments-kendel.com\/privacy-policy\/","name":"Privacy Policy - Apartments Ken\u0111el","isPartOf":{"@id":"https:\/\/apartments-kendel.com\/#website"},"datePublished":"2022-03-06T14:51:57+00:00","dateModified":"2024-01-05T09:21:09+00:00","breadcrumb":{"@id":"https:\/\/apartments-kendel.com\/privacy-policy\/#breadcrumb"},"inLanguage":"hr","potentialAction":[{"@type":"ReadAction","target":["https:\/\/apartments-kendel.com\/privacy-policy\/"]}]},{"@type":"BreadcrumbList","@id":"https:\/\/apartments-kendel.com\/privacy-policy\/#breadcrumb","itemListElement":[{"@type":"ListItem","position":1,"name":"Home","item":"https:\/\/apartments-kendel.com\/"},{"@type":"ListItem","position":2,"name":"Privacy Policy"}]},{"@type":"WebSite","@id":"https:\/\/apartments-kendel.com\/#website","url":"https:\/\/apartments-kendel.com\/","name":"Apartmani Ken\u0111el","description":"Apartments with pool in a quiet area of Valbandon","publisher":{"@id":"https:\/\/apartments-kendel.com\/#\/schema\/person\/2c34123464a291746b4865f1161c11fb"},"potentialAction":[{"@type":"SearchAction","target":{"@type":"EntryPoint","urlTemplate":"https:\/\/apartments-kendel.com\/?s={search_term_string}"},"query-input":{"@type":"PropertyValueSpecification","valueRequired":true,"valueName":"search_term_string"}}],"inLanguage":"hr"},{"@type":["Person","Organization"],"@id":"https:\/\/apartments-kendel.com\/#\/schema\/person\/2c34123464a291746b4865f1161c11fb","name":"admin","image":{"@type":"ImageObject","inLanguage":"hr","@id":"https:\/\/apartments-kendel.com\/wp-content\/uploads\/2024\/01\/cropped-apartments-kendel-high-resolution-logo-transparent2.png","url":"https:\/\/apartments-kendel.com\/wp-content\/uploads\/2024\/01\/cropped-apartments-kendel-high-resolution-logo-transparent2.png","contentUrl":"https:\/\/apartments-kendel.com\/wp-content\/uploads\/2024\/01\/cropped-apartments-kendel-high-resolution-logo-transparent2.png","width":2000,"height":428,"caption":"admin"},"logo":{"@id":"https:\/\/apartments-kendel.com\/wp-content\/uploads\/2024\/01\/cropped-apartments-kendel-high-resolution-logo-transparent2.png"},"sameAs":["https:\/\/apartments-kendel.com","https:\/\/www.facebook.com\/Vila-Ruinac-Katela-109014171806823"]}]}},"_links":{"self":[{"href":"https:\/\/apartments-kendel.com\/hr\/wp-json\/wp\/v2\/pages\/3","targetHints":{"allow":["GET"]}}],"collection":[{"href":"https:\/\/apartments-kendel.com\/hr\/wp-json\/wp\/v2\/pages"}],"about":[{"href":"https:\/\/apartments-kendel.com\/hr\/wp-json\/wp\/v2\/types\/page"}],"author":[{"embeddable":true,"href":"https:\/\/apartments-kendel.com\/hr\/wp-json\/wp\/v2\/users\/1"}],"replies":[{"embeddable":true,"href":"https:\/\/apartments-kendel.com\/hr\/wp-json\/wp\/v2\/comments?post=3"}],"version-history":[{"count":0,"href":"https:\/\/apartments-kendel.com\/hr\/wp-json\/wp\/v2\/pages\/3\/revisions"}],"wp:attachment":[{"href":"https:\/\/apartments-kendel.com\/hr\/wp-json\/wp\/v2\/media?parent=3"}],"curies":[{"name":"wp","href":"https:\/\/api.w.org\/{rel}","templated":true}]}}